{"id":84,"date":"2024-01-21T16:20:48","date_gmt":"2024-01-21T16:20:48","guid":{"rendered":"https:\/\/holidayfischer.de\/?page_id=84"},"modified":"2026-03-18T23:03:36","modified_gmt":"2026-03-18T23:03:36","slug":"zubehoer","status":"publish","type":"page","link":"https:\/\/holiday-fischer.de\/?page_id=84","title":{"rendered":"Zubeh\u00f6r"},"content":{"rendered":"<p>[et_pb_section fb_built=&#8220;1&#8243; _builder_version=&#8220;4.24.0&#8243; _module_preset=&#8220;default&#8220; global_colors_info=&#8220;{}&#8220;][et_pb_row _builder_version=&#8220;4.24.0&#8243; _module_preset=&#8220;default&#8220; custom_padding=&#8220;2px|||||&#8220; global_colors_info=&#8220;{}&#8220;][et_pb_column type=&#8220;4_4&#8243; _builder_version=&#8220;4.24.0&#8243; _module_preset=&#8220;default&#8220; global_colors_info=&#8220;{}&#8220;][et_pb_text _builder_version=&#8220;4.24.0&#8243; _module_preset=&#8220;default&#8220; global_colors_info=&#8220;{}&#8220;]<\/p>\n<div id=\"imCell_1\" class=\"\">\n<div id=\"imTextObject_5_01\">\n<div data-index=\"0\" class=\"text-tab-content grid-prop current-tab \" id=\"imTextObject_5_01_tab0\">\n<div class=\"text-inner\">\n<h3 class=\"imHeading1\"><strong>Campingzubeh\u00f6r<\/strong><\/h3>\n<h3>Wir haben in unserem Verkaufsraum ca.2000 verschiedene Artikel st\u00e4ndig auf Lager.<\/h3>\n<h3>Gerne bestellen wir Ihnen umgehend Produkte, die wir nicht lagernd haben.<\/h3>\n<h3>Fragen Sie einfach \u00fcber unser Kontaktformular oder per Telefon bei uns nach!<\/h3>\n<h3>Wir f\u00fchren in unseren Shop Artikel folgender Firmen:<\/h3>\n<\/div>\n<\/div>\n<\/div>\n<\/div>\n<h3 id=\"imPageRow_2\" class=\"imPageRow\"><\/h3>\n<div id=\"imCell_2\" class=\"\">\n<div id=\"imCellStyleGraphics_2\"><\/div>\n<div id=\"imCellStyleBorders_2\"><\/div>\n<div id=\"imTextObject_5_02\">\n<div data-index=\"0\" class=\"text-tab-content grid-prop current-tab \" id=\"imTextObject_5_02_tab0\">\n<div class=\"text-inner\">\n<h3>Klicken Sie einfach auf des gew\u00fcnschte Logo.<\/h3>\n<\/div>\n<\/div>\n<\/div>\n<\/div>\n<p>[\/et_pb_text][\/et_pb_column][\/et_pb_row][et_pb_row column_structure=&#8220;1_5,1_5,1_5,1_5,1_5&#8243; _builder_version=&#8220;4.24.0&#8243; _module_preset=&#8220;default&#8220; custom_padding=&#8220;||0px|||&#8220; global_colors_info=&#8220;{}&#8220;][et_pb_column type=&#8220;1_5&#8243; _builder_version=&#8220;4.24.0&#8243; _module_preset=&#8220;default&#8220; global_colors_info=&#8220;{}&#8220;][et_pb_image src=&#8220;https:\/\/holidayfischer.de\/wp-content\/uploads\/2024\/01\/frankana.png&#8220; title_text=&#8220;frankana&#8220; url=&#8220;https:\/\/www.frankana.de\/de\/&#8220; url_new_window=&#8220;on&#8220; _builder_version=&#8220;4.24.0&#8243; _module_preset=&#8220;default&#8220; global_colors_info=&#8220;{}&#8220;][\/et_pb_image][\/et_pb_column][et_pb_column type=&#8220;1_5&#8243; _builder_version=&#8220;4.24.0&#8243; _module_preset=&#8220;default&#8220; global_colors_info=&#8220;{}&#8220;][et_pb_image src=&#8220;https:\/\/holidayfischer.de\/wp-content\/uploads\/2024\/01\/alko.png&#8220; title_text=&#8220;alko&#8220; url=&#8220;https:\/\/www.alko-tech.com\/de_de&#8220; url_new_window=&#8220;on&#8220; _builder_version=&#8220;4.24.0&#8243; _module_preset=&#8220;default&#8220; global_colors_info=&#8220;{}&#8220;][\/et_pb_image][\/et_pb_column][et_pb_column type=&#8220;1_5&#8243; _builder_version=&#8220;4.24.0&#8243; _module_preset=&#8220;default&#8220; global_colors_info=&#8220;{}&#8220;][et_pb_image src=&#8220;https:\/\/holidayfischer.de\/wp-content\/uploads\/2024\/01\/sawiko.png&#8220; title_text=&#8220;sawiko&#8220; url=&#8220;https:\/\/www.sawiko.com\/de_de&#8220; url_new_window=&#8220;on&#8220; _builder_version=&#8220;4.24.0&#8243; _module_preset=&#8220;default&#8220; custom_margin=&#8220;10px||-3px||false|false&#8220; global_colors_info=&#8220;{}&#8220;][\/et_pb_image][\/et_pb_column][et_pb_column type=&#8220;1_5&#8243; _builder_version=&#8220;4.24.0&#8243; _module_preset=&#8220;default&#8220; global_colors_info=&#8220;{}&#8220;][et_pb_image src=&#8220;https:\/\/holidayfischer.de\/wp-content\/uploads\/2024\/01\/thetford11.png&#8220; title_text=&#8220;thetford11&#8243; url=&#8220;https:\/\/www.thetford-europe.com\/de\/de&#8220; url_new_window=&#8220;on&#8220; _builder_version=&#8220;4.24.0&#8243; _module_preset=&#8220;default&#8220; custom_margin=&#8220;20px||||false|false&#8220; global_colors_info=&#8220;{}&#8220;][\/et_pb_image][\/et_pb_column][et_pb_column type=&#8220;1_5&#8243; _builder_version=&#8220;4.24.0&#8243; _module_preset=&#8220;default&#8220; global_colors_info=&#8220;{}&#8220;][et_pb_image src=&#8220;https:\/\/holidayfischer.de\/wp-content\/uploads\/2024\/01\/thule.png&#8220; title_text=&#8220;thule&#8220; url=&#8220;https:\/\/www.thule.com\/de-de\/rv-tents-and-panels&#8220; url_new_window=&#8220;on&#8220; _builder_version=&#8220;4.24.0&#8243; _module_preset=&#8220;default&#8220; custom_margin=&#8220;15px||||false|false&#8220; global_colors_info=&#8220;{}&#8220;][\/et_pb_image][\/et_pb_column][\/et_pb_row][et_pb_row column_structure=&#8220;1_3,1_3,1_3&#8243; _builder_version=&#8220;4.24.0&#8243; _module_preset=&#8220;default&#8220; global_colors_info=&#8220;{}&#8220;][et_pb_column type=&#8220;1_3&#8243; _builder_version=&#8220;4.24.0&#8243; _module_preset=&#8220;default&#8220; global_colors_info=&#8220;{}&#8220;][et_pb_image src=&#8220;https:\/\/holidayfischer.de\/wp-content\/uploads\/2024\/01\/fiamma.png&#8220; title_text=&#8220;fiamma&#8220; url=&#8220;https:\/\/www.fiamma.it\/de\/&#8220; url_new_window=&#8220;on&#8220; _builder_version=&#8220;4.24.0&#8243; _module_preset=&#8220;default&#8220; custom_margin=&#8220;10px||||false|false&#8220; global_colors_info=&#8220;{}&#8220;][\/et_pb_image][\/et_pb_column][et_pb_column type=&#8220;1_3&#8243; _builder_version=&#8220;4.24.0&#8243; _module_preset=&#8220;default&#8220; global_colors_info=&#8220;{}&#8220;][et_pb_image src=&#8220;https:\/\/holidayfischer.de\/wp-content\/uploads\/2024\/01\/dometic11.png&#8220; title_text=&#8220;dometic11&#8243; url=&#8220;https:\/\/www.dometic.com\/de-de\/outdoor&#8220; url_new_window=&#8220;on&#8220; _builder_version=&#8220;4.24.0&#8243; _module_preset=&#8220;default&#8220; custom_margin=&#8220;10px||||false|false&#8220; global_colors_info=&#8220;{}&#8220;][\/et_pb_image][\/et_pb_column][et_pb_column type=&#8220;1_3&#8243; _builder_version=&#8220;4.24.0&#8243; _module_preset=&#8220;default&#8220; global_colors_info=&#8220;{}&#8220;][et_pb_image src=&#8220;https:\/\/holidayfischer.de\/wp-content\/uploads\/2024\/01\/truma.png&#8220; title_text=&#8220;truma&#8220; url=&#8220;https:\/\/www.truma.com\/de&#8220; url_new_window=&#8220;on&#8220; _builder_version=&#8220;4.24.0&#8243; _module_preset=&#8220;default&#8220; global_colors_info=&#8220;{}&#8220;][\/et_pb_image][\/et_pb_column][\/et_pb_row][et_pb_row column_structure=&#8220;1_4,1_4,1_4,1_4&#8243; _builder_version=&#8220;4.24.0&#8243; _module_preset=&#8220;default&#8220; global_colors_info=&#8220;{}&#8220;][et_pb_column type=&#8220;1_4&#8243; _builder_version=&#8220;4.24.0&#8243; _module_preset=&#8220;default&#8220; global_colors_info=&#8220;{}&#8220;][et_pb_image src=&#8220;https:\/\/holidayfischer.de\/wp-content\/uploads\/2024\/01\/dwt-zelte11.png&#8220; title_text=&#8220;dwt-zelte11&#8243; url=&#8220;https:\/\/dwt-zelte.de\/&#8220; url_new_window=&#8220;on&#8220; _builder_version=&#8220;4.24.0&#8243; _module_preset=&#8220;default&#8220; global_colors_info=&#8220;{}&#8220;][\/et_pb_image][\/et_pb_column][et_pb_column type=&#8220;1_4&#8243; _builder_version=&#8220;4.24.0&#8243; _module_preset=&#8220;default&#8220; global_colors_info=&#8220;{}&#8220;][et_pb_image src=&#8220;https:\/\/holidayfischer.de\/wp-content\/uploads\/2024\/01\/logo-herzog.png&#8220; title_text=&#8220;logo-herzog&#8220; url=&#8220;https:\/\/herzog-freizeit.de\/herzog-zelte\/wohnwagenvorzelte\/&#8220; url_new_window=&#8220;on&#8220; _builder_version=&#8220;4.24.0&#8243; _module_preset=&#8220;default&#8220; global_colors_info=&#8220;{}&#8220;][\/et_pb_image][\/et_pb_column][et_pb_column type=&#8220;1_4&#8243; _builder_version=&#8220;4.24.0&#8243; _module_preset=&#8220;default&#8220; global_colors_info=&#8220;{}&#8220;][et_pb_image src=&#8220;https:\/\/holidayfischer.de\/wp-content\/uploads\/2024\/01\/brand-zelte.png&#8220; title_text=&#8220;brand-zelte&#8220; url=&#8220;https:\/\/www.brand-zelte.de\/&#8220; url_new_window=&#8220;on&#8220; _builder_version=&#8220;4.24.0&#8243; _module_preset=&#8220;default&#8220; global_colors_info=&#8220;{}&#8220;][\/et_pb_image][\/et_pb_column][et_pb_column type=&#8220;1_4&#8243; _builder_version=&#8220;4.24.0&#8243; _module_preset=&#8220;default&#8220; global_colors_info=&#8220;{}&#8220;][et_pb_image src=&#8220;https:\/\/holidayfischer.de\/wp-content\/uploads\/2024\/01\/nellen.jpg&#8220; title_text=&#8220;nellen&#8220; url=&#8220;https:\/\/www.nellen-zelte.de&#8220; url_new_window=&#8220;on&#8220; _builder_version=&#8220;4.24.0&#8243; _module_preset=&#8220;default&#8220; global_colors_info=&#8220;{}&#8220;][\/et_pb_image][\/et_pb_column][\/et_pb_row][\/et_pb_section]<\/p>\n","protected":false},"excerpt":{"rendered":"<p>Campingzubeh\u00f6r Wir haben in unserem Verkaufsraum ca.2000 verschiedene Artikel st\u00e4ndig auf Lager. Gerne bestellen wir Ihnen umgehend Produkte, die wir nicht lagernd haben. Fragen Sie einfach \u00fcber unser Kontaktformular oder per Telefon bei uns nach! Wir f\u00fchren in unseren Shop Artikel folgender Firmen: Klicken Sie einfach auf des gew\u00fcnschte Logo.<\/p>\n","protected":false},"author":1,"featured_media":0,"parent":0,"menu_order":0,"comment_status":"closed","ping_status":"closed","template":"","meta":{"_et_pb_use_builder":"on","_et_pb_old_content":"","_et_gb_content_width":"","footnotes":""},"class_list":["post-84","page","type-page","status-publish","hentry"],"publishpress_future_action":{"enabled":false,"date":"2026-05-09 05:27:33","action":"change-status","newStatus":"draft","terms":[],"taxonomy":"","extraData":[]},"publishpress_future_workflow_manual_trigger":{"enabledWorkflows":[]},"_links":{"self":[{"href":"https:\/\/holiday-fischer.de\/index.php?rest_route=\/wp\/v2\/pages\/84","targetHints":{"allow":["GET"]}}],"collection":[{"href":"https:\/\/holiday-fischer.de\/index.php?rest_route=\/wp\/v2\/pages"}],"about":[{"href":"https:\/\/holiday-fischer.de\/index.php?rest_route=\/wp\/v2\/types\/page"}],"author":[{"embeddable":true,"href":"https:\/\/holiday-fischer.de\/index.php?rest_route=\/wp\/v2\/users\/1"}],"replies":[{"embeddable":true,"href":"https:\/\/holiday-fischer.de\/index.php?rest_route=%2Fwp%2Fv2%2Fcomments&post=84"}],"version-history":[{"count":4,"href":"https:\/\/holiday-fischer.de\/index.php?rest_route=\/wp\/v2\/pages\/84\/revisions"}],"predecessor-version":[{"id":229,"href":"https:\/\/holiday-fischer.de\/index.php?rest_route=\/wp\/v2\/pages\/84\/revisions\/229"}],"wp:attachment":[{"href":"https:\/\/holiday-fischer.de\/index.php?rest_route=%2Fwp%2Fv2%2Fmedia&parent=84"}],"curies":[{"name":"wp","href":"https:\/\/api.w.org\/{rel}","templated":true}]}}