{"id":77,"date":"2024-01-21T15:56:16","date_gmt":"2024-01-21T15:56:16","guid":{"rendered":"https:\/\/holidayfischer.de\/?page_id=77"},"modified":"2024-01-28T20:07:54","modified_gmt":"2024-01-28T20:07:54","slug":"vermietung","status":"publish","type":"page","link":"https:\/\/holiday-fischer.de\/?page_id=77","title":{"rendered":"Vermietung"},"content":{"rendered":"<p>[et_pb_section fb_built=&#8220;1&#8243; _builder_version=&#8220;4.24.0&#8243; _module_preset=&#8220;default&#8220; global_colors_info=&#8220;{}&#8220;][et_pb_row _builder_version=&#8220;4.24.0&#8243; _module_preset=&#8220;default&#8220; global_colors_info=&#8220;{}&#8220;][et_pb_column type=&#8220;4_4&#8243; _builder_version=&#8220;4.24.0&#8243; _module_preset=&#8220;default&#8220; global_colors_info=&#8220;{}&#8220;][et_pb_text _builder_version=&#8220;4.24.0&#8243; _module_preset=&#8220;default&#8220; global_colors_info=&#8220;{}&#8220;]<\/p>\n<div>\n<div><b><span class=\"fs14lh1-5\">Ihre Zufriedenheit liegt uns am Herzen!<\/span><\/b><br \/><i><span class=\"fs14lh1-5\">Wir bieten:<\/span><\/i><\/div>\n<div>\n<ul>\n<li><span class=\"fs14lh1-5\">Gepflegte komfortable Fahrzeuge vom Fachbetrieb<\/span><\/li>\n<li><span class=\"fs14lh1-5\">Freundlichen und kompetenten Service<\/span><\/li>\n<li><span class=\"fs14lh1-5\">Faire Komplettpreise<\/span><\/li>\n<li><span class=\"fs14lh1-5\">Beratung vom Fachmann<\/span><\/li>\n<\/ul>\n<\/div>\n<\/div>\n<div><b>\u00a0<\/b><b>Mit unseren Fahrzeugen reisen Sie<span>\u00a0<\/span><\/b><b>bequem und komfortabel!<\/b><\/div>\n<div><b>\u00a0<\/b><\/div>\n<div><b>Ausstattung der Fahrzeuge:<\/b><br \/><b>Unsere Fahrzeuge haben alle Turbodiesel,<span>\u00a0<\/span><\/b>Servolenkung und sind \u00a0mit reichhaltigem Zubeh\u00f6r ausgestattet. z.B. Sonnenmarkise, \u00a0Fahrradhalter, Radio-CD, Kabeltrommel, Euroadapter, Auffahrkeile, \u00a0Bordwerkzeug und Warnweste.<br \/>Nat\u00fcrlich haben alle Fahrzeuge eine Nasszelle mit WC, meist mit Dusche \u00a0und Waschbecken. Der K\u00fcchenbereich ist mit Sp\u00fcle, Herd und K\u00fchlschrank \u00a0ausgestattet. Alle haben eine Warmwasseranlage und Heizung mit \u00a0Umluftanlage.<br \/>Wir \u00fcbergeben die Wohnmobile und Wohnwagen au\u00dfen und innen gereinigt und in technisch einwandfreiem Zustand.<\/div>\n<p><span><\/span><\/p>\n<p><b>Auszug aus den Vermietbedingungen<\/b><\/p>\n<div>\n<p><b>Versicherung:<span>\u00a0<\/span><\/b>die Fahrzeuge sind Vollkasko versichert die Selbstbeteiligung betr\u00e4gt 1000,- \u20ac pro Schaden, bei Teilkasko 750,- \u20ac pro Schaden<br \/><b><br \/>Mindest Mietzeit:<span>\u00a0<\/span><\/b>1 Woche oder nach Absprache<br \/><b>Anzahlung:<span>\u00a0<\/span><\/b>500,- \u20ac bei Vertragsabschluss<br \/><b>Restzahlung:<span>\u00a0<\/span><\/b>4 Wochen vor Abholung des Fahrzeuges<br \/><b>Kaution:<span>\u00a0<\/span><\/b>1000,- \u20ac in bar bei Abholung, diese erhalten Sie, wenn kein Schaden entstanden ist, bei R\u00fcckgabe des Fahrzeugs zur\u00fcck.<br \/><b>Preise:<span>\u00a0<\/span><\/b>in der Preisliste sind Tagespreise angegeben inklusive 19 % MwSt<br \/><b>Kilometer: alle gefahrenen Kilometer sind frei<\/b><\/p>\n<p><b> <\/b><\/p>\n<p><b><\/b><\/p>\n<\/div>\n<div><b><\/b><\/div>\n<div><b><\/b><\/div>\n<div><b><\/b><\/div>\n<div><b><\/b><\/div>\n<div><b>Welche Kosten k\u00f6nnen noch entstehen?<\/b><\/div>\n<div>Unsere Mieter \u00fcbernehmen die Innenreinigung am Ende des Urlaubs in \u00a0aller Regel selbst. Falls wir das f\u00fcr Sie tun sollen, berechnen wir 100,- \u00a0\u20ac. Die Toilette ist grunds\u00e4tzlich vom Mieter zu reinigen. Dies schlie\u00dft \u00a0auch die Entleerung und Reinigung des F\u00e4kaltanks mit Tankfach ein. Wenn \u00a0wir das \u00fcbernehmen m\u00fcssen, kostet dieser Service 100,- \u20ac Kosten f\u00fcr \u00a0Diesel, \u00d6l, Stra\u00dfenmaut und \u201eKn\u00f6llchen\u201c gehen zu Lasten des Mieters.<br \/>Mieten mit Hund auf Anfrage in einigen Modellen m\u00f6glich. Pauschal berechnen wir hier 30,- \u20ac<br \/><b><\/b><\/div>\n<div><\/div>\n<div><\/div>\n<div><b>Preise f\u00fcr Zubeh\u00f6r: 1 x pro Vermietung<\/b><br \/><b>Caravanspiegel 30,- \u20ac<\/b><br \/><b>Fahrradtr\u00e4ger f\u00fcr Wohnwagen 40,- \u20ac<\/b><\/div>\n<div>\n<p><b>Tisch und St\u00fchle pro Teil 25,- \u20ac<\/b><br \/>Solange Vorrat reicht.<\/p>\n<p><span style=\"color: #ff0000;\">keine Preis\u00e4nderungen seit 2023,<br \/><\/span><strong style=\"color: #ff0000; font-size: 14px;\"><u>Bitte beachten:<\/u><\/strong><span style=\"color: #ff0000; font-size: 14px;\"> Datum f\u00fcr Nebensaison und Hauptsaison aus 2023, wird auf 2024 angepasst.<\/span><\/p>\n<\/div>\n<p>[\/et_pb_text][\/et_pb_column][\/et_pb_row][et_pb_row _builder_version=&#8220;4.24.0&#8243; _module_preset=&#8220;default&#8220; custom_margin=&#8220;-17px|auto||auto||&#8220; custom_padding=&#8220;5px|||||&#8220; global_colors_info=&#8220;{}&#8220;][et_pb_column type=&#8220;4_4&#8243; _builder_version=&#8220;4.24.0&#8243; _module_preset=&#8220;default&#8220; global_colors_info=&#8220;{}&#8220;][et_pb_image src=&#8220;https:\/\/holidayfischer.de\/wp-content\/uploads\/2024\/01\/Mittelseite_Vermietung_aktuell.png&#8220; title_text=&#8220;Mittelseite_Vermietung_aktuell&#8220; _builder_version=&#8220;4.24.0&#8243; _module_preset=&#8220;default&#8220; global_colors_info=&#8220;{}&#8220;][\/et_pb_image][et_pb_text _builder_version=&#8220;4.24.0&#8243; _module_preset=&#8220;default&#8220; link_option_url=&#8220;https:\/\/holidayfischer.de\/wp-content\/uploads\/2024\/01\/Faltflyer_Vermietung_2024k.pdf&#8220; link_option_url_new_window=&#8220;on&#8220; hover_enabled=&#8220;0&#8243; global_colors_info=&#8220;{}&#8220; sticky_enabled=&#8220;0&#8243;]<\/p>\n<h3 style=\"text-align: center;\"><a href=\"https:\/\/holidayfischer.de\/wp-content\/uploads\/2024\/01\/Faltflyer_Vermietung_2023k.pdf\" target=\"_blank\" rel=\"noopener\"><span style=\"text-decoration: underline;\"><strong>Aktuellen Flyer f\u00fcr Mietfahrzeuge zum Download<\/strong><\/span><\/a><\/h3>\n<p>[\/et_pb_text][\/et_pb_column][\/et_pb_row][\/et_pb_section]<\/p>\n","protected":false},"excerpt":{"rendered":"<p>Ihre Zufriedenheit liegt uns am Herzen!Wir bieten: Gepflegte komfortable Fahrzeuge vom Fachbetrieb Freundlichen und kompetenten Service Faire Komplettpreise Beratung vom Fachmann \u00a0Mit unseren Fahrzeugen reisen Sie\u00a0bequem und komfortabel! \u00a0 Ausstattung der Fahrzeuge:Unsere Fahrzeuge haben alle Turbodiesel,\u00a0Servolenkung und sind \u00a0mit reichhaltigem Zubeh\u00f6r ausgestattet. z.B. Sonnenmarkise, \u00a0Fahrradhalter, Radio-CD, Kabeltrommel, Euroadapter, Auffahrkeile, \u00a0Bordwerkzeug und Warnweste.Nat\u00fcrlich haben alle Fahrzeuge [&hellip;]<\/p>\n","protected":false},"author":1,"featured_media":0,"parent":0,"menu_order":0,"comment_status":"closed","ping_status":"closed","template":"","meta":{"_et_pb_use_builder":"on","_et_pb_old_content":"","_et_gb_content_width":"","footnotes":""},"class_list":["post-77","page","type-page","status-publish","hentry"],"publishpress_future_action":{"enabled":false,"date":"2026-05-11 10:17:48","action":"change-status","newStatus":"draft","terms":[],"taxonomy":"","extraData":[]},"publishpress_future_workflow_manual_trigger":{"enabledWorkflows":[]},"_links":{"self":[{"href":"https:\/\/holiday-fischer.de\/index.php?rest_route=\/wp\/v2\/pages\/77","targetHints":{"allow":["GET"]}}],"collection":[{"href":"https:\/\/holiday-fischer.de\/index.php?rest_route=\/wp\/v2\/pages"}],"about":[{"href":"https:\/\/holiday-fischer.de\/index.php?rest_route=\/wp\/v2\/types\/page"}],"author":[{"embeddable":true,"href":"https:\/\/holiday-fischer.de\/index.php?rest_route=\/wp\/v2\/users\/1"}],"replies":[{"embeddable":true,"href":"https:\/\/holiday-fischer.de\/index.php?rest_route=%2Fwp%2Fv2%2Fcomments&post=77"}],"version-history":[{"count":7,"href":"https:\/\/holiday-fischer.de\/index.php?rest_route=\/wp\/v2\/pages\/77\/revisions"}],"predecessor-version":[{"id":148,"href":"https:\/\/holiday-fischer.de\/index.php?rest_route=\/wp\/v2\/pages\/77\/revisions\/148"}],"wp:attachment":[{"href":"https:\/\/holiday-fischer.de\/index.php?rest_route=%2Fwp%2Fv2%2Fmedia&parent=77"}],"curies":[{"name":"wp","href":"https:\/\/api.w.org\/{rel}","templated":true}]}}