{"id":100,"date":"2024-01-21T16:24:23","date_gmt":"2024-01-21T16:24:23","guid":{"rendered":"https:\/\/holidayfischer.de\/?page_id=100"},"modified":"2024-01-21T16:24:23","modified_gmt":"2024-01-21T16:24:23","slug":"service","status":"publish","type":"page","link":"https:\/\/holiday-fischer.de\/?page_id=100","title":{"rendered":"Service"},"content":{"rendered":"<p>[et_pb_section fb_built=&#8220;1&#8243; theme_builder_area=&#8220;post_content&#8220; _builder_version=&#8220;4.24.0&#8243; _module_preset=&#8220;default&#8220; custom_padding=&#8220;20px|||||&#8220;][et_pb_row _builder_version=&#8220;4.24.0&#8243; _module_preset=&#8220;default&#8220; theme_builder_area=&#8220;post_content&#8220;][et_pb_column _builder_version=&#8220;4.24.0&#8243; _module_preset=&#8220;default&#8220; type=&#8220;4_4&#8243; theme_builder_area=&#8220;post_content&#8220;][et_pb_text _builder_version=&#8220;4.24.0&#8243; _module_preset=&#8220;default&#8220; theme_builder_area=&#8220;post_content&#8220; hover_enabled=&#8220;0&#8243; sticky_enabled=&#8220;0&#8243; custom_margin=&#8220;-11px|||||&#8220;]<\/p>\n<h3 class=\"imTACenter\"><b class=\"fs28lh1-5\">Unsere Leistungen<\/b><\/h3>\n<div class=\"imTACenter\"><strong>Neufahrzeuge<\/strong><\/div>\n<div class=\"imHeading1\">\n<div class=\"imTACenter\"><span class=\"fs14lh1-5 cf1\">der Marken <strong>Fendt, Knaus und Eriba<\/strong>,<\/span><\/div>\n<div class=\"imTACenter\"><span class=\"fs14lh1-5 cf1\">seit \u00fcber 25 Jahren Fendt Vertragsh\u00e4ndler,<\/span><\/div>\n<div class=\"imTACenter\"><span class=\"fs14lh1-5 cf1\">seit \u00fcber 10 Jahre Knaus Vertragsh\u00e4ndler,<\/span><\/div>\n<div class=\"imTACenter\"><span class=\"fs14lh1-5 cf1\">seit \u00fcber 2 Jahren Eriba Vertragsh\u00e4ndler.<\/span><\/div>\n<div class=\"imTACenter\"><span class=\"fs14lh1-5 cf1\">\u00a0<\/span><\/div>\n<div class=\"imTACenter\"><span class=\"fs14lh1-5 cf1\">Gebrauchtfahrzeuge.<\/span><\/div>\n<div class=\"imTACenter\"><span class=\"fs14lh1-5 cf1\">\u00a0<\/span><\/div>\n<div class=\"imTACenter\"><span class=\"fs14lh1-5 cf1\">Reparaturen <strong>aller Marken<\/strong>.<\/span><\/div>\n<div class=\"imTACenter\"><span class=\"fs14lh1-5 cf1\"><strong>Garantiearbeiten<\/strong> bei den Marken:<\/span><\/div>\n<div class=\"imTACenter\"><strong><span class=\"fs14lh1-5 cf1\">Fendt, Knaus und Eriba.<\/span><\/strong><\/div>\n<div class=\"imTACenter\"><span class=\"fs14lh1-5 cf1\">\u00a0<\/span><\/div>\n<div class=\"imTACenter\">\n<p><span class=\"fs14lh1-5 cf1\">Karosseriefachbetrieb f\u00fcr Caravan und Reisemobile<\/p>\n<p><\/span><\/div>\n<div class=\"imTACenter\"><span class=\"fs14lh1-5 cf1\">Ersatzteilhandel.<\/span><\/div>\n<div class=\"imTACenter\"><span class=\"fs14lh1-5 cf1\">\u00a0<\/span><\/div>\n<div class=\"imTACenter\"><span class=\"fs14lh1-5 cf1\">Zubeh\u00f6r<\/span><\/div>\n<div class=\"imTACenter\"><span class=\"fs14lh1-5 cf1\">\u00a0<\/span><\/div>\n<div class=\"imTACenter\"><strong><span class=\"fs14lh1-5 cf1\">T\u00dcV: Einmal pro Woche<\/span><\/strong><\/div>\n<div class=\"imTACenter\"><span class=\"fs14lh1-5 cf1\">Gaspr\u00fcfung<\/span><\/div>\n<div class=\"imTACenter\"><span class=\"fs14lh1-5 cf1\">\u00a0<\/span><\/div>\n<div class=\"imTACenter\"><span class=\"fs14lh1-5 cf1\"><strong>Vermietung<\/strong> von:<\/span><\/div>\n<div class=\"imTACenter\"><strong><span class=\"fs14lh1-5 cf1\">Reisemobilen\u00a0<\/span><span class=\"fs14lh1-5 cf1\">und\u00a0<\/span><\/strong><span class=\"fs14lh1-5 cf1\"><strong>Wohnwagen<\/strong>.<\/span><\/div>\n<\/div>\n<p>[\/et_pb_text][\/et_pb_column][\/et_pb_row][\/et_pb_section]<\/p>\n","protected":false},"excerpt":{"rendered":"<p>Unsere Leistungen Neufahrzeuge der Marken Fendt, Knaus und Eriba, seit \u00fcber 25 Jahren Fendt Vertragsh\u00e4ndler, seit \u00fcber 10 Jahre Knaus Vertragsh\u00e4ndler, seit \u00fcber 2 Jahren Eriba Vertragsh\u00e4ndler. \u00a0 Gebrauchtfahrzeuge. \u00a0 Reparaturen aller Marken. Garantiearbeiten bei den Marken: Fendt, Knaus und Eriba. \u00a0 Karosseriefachbetrieb f\u00fcr Caravan und Reisemobile Ersatzteilhandel. \u00a0 Zubeh\u00f6r \u00a0 T\u00dcV: Einmal pro Woche [&hellip;]<\/p>\n","protected":false},"author":1,"featured_media":0,"parent":0,"menu_order":0,"comment_status":"closed","ping_status":"closed","template":"","meta":{"_et_pb_use_builder":"on","_et_pb_old_content":"","_et_gb_content_width":"","footnotes":""},"class_list":["post-100","page","type-page","status-publish","hentry"],"publishpress_future_action":{"enabled":false,"date":"2026-05-09 05:16:53","action":"change-status","newStatus":"draft","terms":[],"taxonomy":"","extraData":[]},"publishpress_future_workflow_manual_trigger":{"enabledWorkflows":[]},"_links":{"self":[{"href":"https:\/\/holiday-fischer.de\/index.php?rest_route=\/wp\/v2\/pages\/100","targetHints":{"allow":["GET"]}}],"collection":[{"href":"https:\/\/holiday-fischer.de\/index.php?rest_route=\/wp\/v2\/pages"}],"about":[{"href":"https:\/\/holiday-fischer.de\/index.php?rest_route=\/wp\/v2\/types\/page"}],"author":[{"embeddable":true,"href":"https:\/\/holiday-fischer.de\/index.php?rest_route=\/wp\/v2\/users\/1"}],"replies":[{"embeddable":true,"href":"https:\/\/holiday-fischer.de\/index.php?rest_route=%2Fwp%2Fv2%2Fcomments&post=100"}],"version-history":[{"count":2,"href":"https:\/\/holiday-fischer.de\/index.php?rest_route=\/wp\/v2\/pages\/100\/revisions"}],"predecessor-version":[{"id":103,"href":"https:\/\/holiday-fischer.de\/index.php?rest_route=\/wp\/v2\/pages\/100\/revisions\/103"}],"wp:attachment":[{"href":"https:\/\/holiday-fischer.de\/index.php?rest_route=%2Fwp%2Fv2%2Fmedia&parent=100"}],"curies":[{"name":"wp","href":"https:\/\/api.w.org\/{rel}","templated":true}]}}